{"id":121,"date":"2023-04-17T09:16:53","date_gmt":"2023-04-17T07:16:53","guid":{"rendered":"https:\/\/www.psychologue-tabacologue.fr\/?page_id=121"},"modified":"2023-06-02T14:14:44","modified_gmt":"2023-06-02T12:14:44","slug":"mentions-legales","status":"publish","type":"page","link":"https:\/\/www.psychologue-tabacologue.fr\/index.php\/mentions-legales\/","title":{"rendered":"Mentions l\u00e9gales"},"content":{"rendered":"\n<p><strong>PROPRI\u00c9TAIRE<\/strong><br>Le site internet https:\/\/psychologue-tabacologue.fr est \u00e9dit\u00e9 par : Marie Blanquart.<br>Elle en&nbsp;est \u00e9galement la cr\u00e9atrice et la directrice de publication du site.<br>SIRET : 538 400 250 00030<br>Marie Blanquart 11 rue Marguerite de Rochechouart, 75009 Paris, France.<\/p>\n\n\n\n<p><strong>H\u00c9BERGEUR<\/strong><br>Gandi 63-65 Boulevard Mass\u00e9na, 75013 Paris<\/p>\n\n\n\n<p><strong>PROPRI\u00c9T\u00c9 INTELLECTUELLE<\/strong><br>Toute repr\u00e9sentation totale ou partielle de ce site par quelle que personne que ce soit, sans l\u2019autorisation expresse de l\u2019\u00e9diteur est interdite et constituerait une contrefa\u00e7on sanctionn\u00e9e par les articles L. 335-2 et suivants du Code de la propri\u00e9t\u00e9 intellectuelle. Cela dit, conform\u00e9ment \u00e0 l\u2019article L. 122-5 du Code de la propri\u00e9t\u00e9 intellectuelle, les courtes citations du contenu sont autoris\u00e9es, sous r\u00e9serve que soient indiqu\u00e9s clairement le nom de l\u2019auteur et de la source, par un lien vers une des pages de ce site web.<\/p>\n","protected":false},"excerpt":{"rendered":"<p>PROPRI\u00c9TAIRELe site internet https:\/\/psychologue-tabacologue.fr est \u00e9dit\u00e9 par : Marie Blanquart.Elle en&nbsp;est \u00e9galement la cr\u00e9atrice et la directrice de publication du site.SIRET : 538 400 250 00030Marie Blanquart 11 rue Marguerite de Rochechouart, 75009 Paris, France. H\u00c9BERGEURGandi 63-65 Boulevard Mass\u00e9na, 75013 Paris PROPRI\u00c9T\u00c9 INTELLECTUELLEToute repr\u00e9sentation totale ou partielle de ce site par quelle que personne que [&hellip;]<\/p>\n","protected":false},"author":1,"featured_media":0,"parent":0,"menu_order":0,"comment_status":"closed","ping_status":"closed","template":"","meta":{"_coblocks_attr":"","_coblocks_dimensions":"","_coblocks_responsive_height":"","_coblocks_accordion_ie_support":"","om_disable_all_campaigns":false,"_monsterinsights_skip_tracking":false,"_monsterinsights_sitenote_active":false,"_monsterinsights_sitenote_note":"","_monsterinsights_sitenote_category":0,"hide_page_title":"","footnotes":""},"class_list":["post-121","page","type-page","status-publish","hentry"],"aioseo_notices":[],"_links":{"self":[{"href":"https:\/\/www.psychologue-tabacologue.fr\/index.php\/wp-json\/wp\/v2\/pages\/121","targetHints":{"allow":["GET"]}}],"collection":[{"href":"https:\/\/www.psychologue-tabacologue.fr\/index.php\/wp-json\/wp\/v2\/pages"}],"about":[{"href":"https:\/\/www.psychologue-tabacologue.fr\/index.php\/wp-json\/wp\/v2\/types\/page"}],"author":[{"embeddable":true,"href":"https:\/\/www.psychologue-tabacologue.fr\/index.php\/wp-json\/wp\/v2\/users\/1"}],"replies":[{"embeddable":true,"href":"https:\/\/www.psychologue-tabacologue.fr\/index.php\/wp-json\/wp\/v2\/comments?post=121"}],"version-history":[{"count":9,"href":"https:\/\/www.psychologue-tabacologue.fr\/index.php\/wp-json\/wp\/v2\/pages\/121\/revisions"}],"predecessor-version":[{"id":352,"href":"https:\/\/www.psychologue-tabacologue.fr\/index.php\/wp-json\/wp\/v2\/pages\/121\/revisions\/352"}],"wp:attachment":[{"href":"https:\/\/www.psychologue-tabacologue.fr\/index.php\/wp-json\/wp\/v2\/media?parent=121"}],"curies":[{"name":"wp","href":"https:\/\/api.w.org\/{rel}","templated":true}]}}