{"id":41,"date":"2023-04-13T13:15:01","date_gmt":"2023-04-13T11:15:01","guid":{"rendered":"https:\/\/www.psychologue-tabacologue.fr\/?page_id=41"},"modified":"2023-07-04T13:47:41","modified_gmt":"2023-07-04T11:47:41","slug":"aide-a-larret-du-tabac","status":"publish","type":"page","link":"https:\/\/www.psychologue-tabacologue.fr\/index.php\/aide-a-larret-du-tabac\/","title":{"rendered":"Aide \u00e0 l&rsquo;arr\u00eat du tabac"},"content":{"rendered":"\n<div class=\"wp-block-columns alignwide is-layout-flex wp-container-core-columns-is-layout-9d6595d7 wp-block-columns-is-layout-flex\">\n<div class=\"wp-block-column is-layout-flow wp-block-column-is-layout-flow\">\n<h1 class=\"wp-block-heading has-text-align-center has-text-color\" style=\"color:#9b494b;font-size:37px\">Pr\u00e9paration et soutien <br>de votre projet d&rsquo;arr\u00eat du tabac<\/h1>\n\n\n\n<div style=\"height:60px\" aria-hidden=\"true\" class=\"wp-block-spacer\"><\/div>\n\n\n\n<div class=\"wp-block-columns is-layout-flex wp-container-core-columns-is-layout-9d6595d7 wp-block-columns-is-layout-flex\">\n<div class=\"wp-block-column is-layout-flow wp-block-column-is-layout-flow\" style=\"flex-basis:33.33%\">\n<div style=\"height:31px\" aria-hidden=\"true\" class=\"wp-block-spacer\"><\/div>\n\n\n\n<figure class=\"wp-block-image size-large\"><img loading=\"lazy\" decoding=\"async\" width=\"1024\" height=\"724\" src=\"https:\/\/www.psychologue-tabacologue.fr\/wp-content\/uploads\/2023\/04\/Stop-tabac2-1024x724.png\" alt=\"main qui refuse une cigarette\n\" class=\"wp-image-81\" title=\" stop \u00e0 la cigarette\" srcset=\"https:\/\/www.psychologue-tabacologue.fr\/wp-content\/uploads\/2023\/04\/Stop-tabac2-1024x724.png 1024w, https:\/\/www.psychologue-tabacologue.fr\/wp-content\/uploads\/2023\/04\/Stop-tabac2-300x212.png 300w, https:\/\/www.psychologue-tabacologue.fr\/wp-content\/uploads\/2023\/04\/Stop-tabac2-768x543.png 768w, https:\/\/www.psychologue-tabacologue.fr\/wp-content\/uploads\/2023\/04\/Stop-tabac2-1536x1086.png 1536w, https:\/\/www.psychologue-tabacologue.fr\/wp-content\/uploads\/2023\/04\/Stop-tabac2-2048x1448.png 2048w\" sizes=\"auto, (max-width: 1024px) 100vw, 1024px\" \/><\/figure>\n<\/div>\n\n\n\n<div class=\"wp-block-column is-layout-flow wp-block-column-is-layout-flow\" style=\"flex-basis:66.66%\">\n<p class=\"is-style-default has-text-color\" style=\"color:#636363;font-size:19px;line-height:1.1\">Un premier RDV permet de faire le point sur votre projet et vos habitudes de consommation. <br>C&rsquo;est aussi l&rsquo;opportunit\u00e9 de poser toutes vos questions ! Vous trouverez ici une information claire et valid\u00e9e scientifiquement, transmise avec p\u00e9dagogie et bienveillance.<br><br>A partir de l\u00e0, nous construisons alors ensemble une strat\u00e9gie adapt\u00e9e \u00e0 vos besoins. <br>La d\u00e9pendance au tabac peut-\u00eatre \u00e0 la fois physique, comportementale et psychologique. En prenant soin de ces 3 dimensions, nous mettons toutes les chances de votre c\u00f4t\u00e9 pour transformer votre projet en succ\u00e8s !<\/p>\n<\/div>\n<\/div>\n<\/div>\n<\/div>\n\n\n\n<h1 class=\"wp-block-heading has-text-align-left has-text-color\" style=\"color:#9b494b;font-size:37px\">Pistes pour pr\u00e9parer son arr\u00eat<\/h1>\n\n\n\n<div style=\"height:16px\" aria-hidden=\"true\" class=\"wp-block-spacer\"><\/div>\n\n\n<div class=\"wp-block-coblocks-posts is-style-horizontal\"><div class=\"wp-block-coblocks-posts__inner has-columns has-2-columns has-responsive-columns has-medium-image has-circle-image has-large-gutter\"><div class=\"wp-block-coblocks-posts__item\"><div class=\"wp-block-coblocks-posts__image\"><a href=\"https:\/\/www.psychologue-tabacologue.fr\/index.php\/2023\/06\/07\/arreter-de-fumer-avec-la-vape\/\" class=\"bg-cover bg-center-center\" style=\"background-image:url(https:\/\/www.psychologue-tabacologue.fr\/wp-content\/uploads\/2023\/06\/dispositif-vapotage1-scaled.jpg)\"><\/a><\/div><div class=\"wp-block-coblocks-posts__contentself-center\"><a href=\"https:\/\/www.psychologue-tabacologue.fr\/index.php\/2023\/06\/07\/arreter-de-fumer-avec-la-vape\/\" alt=\"Arr\u00eater de fumer avec la vape\">Arr\u00eater de fumer avec la vape<\/a><\/div><\/div><div class=\"wp-block-coblocks-posts__item\"><div class=\"wp-block-coblocks-posts__image\"><a href=\"https:\/\/www.psychologue-tabacologue.fr\/index.php\/2023\/05\/12\/comprendre-la-dependance-au-tabac\/\" class=\"bg-cover bg-center-center\" style=\"background-image:url(https:\/\/www.psychologue-tabacologue.fr\/wp-content\/uploads\/2023\/05\/escape.png)\"><\/a><\/div><div class=\"wp-block-coblocks-posts__contentself-center\"><a href=\"https:\/\/www.psychologue-tabacologue.fr\/index.php\/2023\/05\/12\/comprendre-la-dependance-au-tabac\/\" alt=\"Comprendre la d\u00e9pendance au tabac\">Comprendre la d\u00e9pendance au tabac<\/a><\/div><\/div><\/div><\/div>","protected":false},"excerpt":{"rendered":"<p>Pr\u00e9paration et soutien de votre projet d&rsquo;arr\u00eat du tabac Un premier RDV permet de faire le point sur votre projet et vos habitudes de consommation. C&rsquo;est aussi l&rsquo;opportunit\u00e9 de poser toutes vos questions ! Vous trouverez ici une information claire et valid\u00e9e scientifiquement, transmise avec p\u00e9dagogie et bienveillance. A partir de l\u00e0, nous construisons alors [&hellip;]<\/p>\n","protected":false},"author":1,"featured_media":0,"parent":0,"menu_order":0,"comment_status":"closed","ping_status":"closed","template":"","meta":{"_coblocks_attr":"","_coblocks_dimensions":"","_coblocks_responsive_height":"","_coblocks_accordion_ie_support":"","om_disable_all_campaigns":false,"_monsterinsights_skip_tracking":false,"_monsterinsights_sitenote_active":false,"_monsterinsights_sitenote_note":"","_monsterinsights_sitenote_category":0,"hide_page_title":"enabled","footnotes":""},"class_list":["post-41","page","type-page","status-publish","hentry"],"aioseo_notices":[],"_links":{"self":[{"href":"https:\/\/www.psychologue-tabacologue.fr\/index.php\/wp-json\/wp\/v2\/pages\/41","targetHints":{"allow":["GET"]}}],"collection":[{"href":"https:\/\/www.psychologue-tabacologue.fr\/index.php\/wp-json\/wp\/v2\/pages"}],"about":[{"href":"https:\/\/www.psychologue-tabacologue.fr\/index.php\/wp-json\/wp\/v2\/types\/page"}],"author":[{"embeddable":true,"href":"https:\/\/www.psychologue-tabacologue.fr\/index.php\/wp-json\/wp\/v2\/users\/1"}],"replies":[{"embeddable":true,"href":"https:\/\/www.psychologue-tabacologue.fr\/index.php\/wp-json\/wp\/v2\/comments?post=41"}],"version-history":[{"count":39,"href":"https:\/\/www.psychologue-tabacologue.fr\/index.php\/wp-json\/wp\/v2\/pages\/41\/revisions"}],"predecessor-version":[{"id":533,"href":"https:\/\/www.psychologue-tabacologue.fr\/index.php\/wp-json\/wp\/v2\/pages\/41\/revisions\/533"}],"wp:attachment":[{"href":"https:\/\/www.psychologue-tabacologue.fr\/index.php\/wp-json\/wp\/v2\/media?parent=41"}],"curies":[{"name":"wp","href":"https:\/\/api.w.org\/{rel}","templated":true}]}}