{"id":42,"date":"2023-04-13T13:15:01","date_gmt":"2023-04-13T11:15:01","guid":{"rendered":"https:\/\/www.psychologue-tabacologue.fr\/?page_id=42"},"modified":"2023-07-04T16:32:07","modified_gmt":"2023-07-04T14:32:07","slug":"psychologie-du-travail","status":"publish","type":"page","link":"https:\/\/www.psychologue-tabacologue.fr\/index.php\/psychologie-du-travail\/","title":{"rendered":"Consultation travail"},"content":{"rendered":"\n<div class=\"wp-block-columns alignwide is-layout-flex wp-container-core-columns-is-layout-9d6595d7 wp-block-columns-is-layout-flex\">\n<div class=\"wp-block-column is-layout-flow wp-block-column-is-layout-flow\">\n<h1 class=\"wp-block-heading has-text-align-center has-text-color\" style=\"color:#9b494b;font-size:37px\">Accompagnement sur toutes les probl\u00e9matiques <br>li\u00e9es au monde du travail.<\/h1>\n\n\n\n<div style=\"height:60px\" aria-hidden=\"true\" class=\"wp-block-spacer\"><\/div>\n\n\n\n<div class=\"wp-block-columns is-layout-flex wp-container-core-columns-is-layout-9d6595d7 wp-block-columns-is-layout-flex\">\n<div class=\"wp-block-column is-layout-flow wp-block-column-is-layout-flow\" style=\"flex-basis:33.33%\">\n<div style=\"height:49px\" aria-hidden=\"true\" class=\"wp-block-spacer\"><\/div>\n\n\n\n<figure class=\"wp-block-image size-large\"><img loading=\"lazy\" decoding=\"async\" width=\"1008\" height=\"1024\" src=\"https:\/\/www.psychologue-tabacologue.fr\/wp-content\/uploads\/2023\/04\/brouillard-1-1008x1024.png\" alt=\"Image illustrant le brouillard mental que l'on peut ressentir en cas de surcharge mentale\" class=\"wp-image-96\" title=\"difficult\u00e9 \u00e0 penser\" srcset=\"https:\/\/www.psychologue-tabacologue.fr\/wp-content\/uploads\/2023\/04\/brouillard-1-1008x1024.png 1008w, https:\/\/www.psychologue-tabacologue.fr\/wp-content\/uploads\/2023\/04\/brouillard-1-295x300.png 295w, https:\/\/www.psychologue-tabacologue.fr\/wp-content\/uploads\/2023\/04\/brouillard-1-768x780.png 768w, https:\/\/www.psychologue-tabacologue.fr\/wp-content\/uploads\/2023\/04\/brouillard-1-1512x1536.png 1512w, https:\/\/www.psychologue-tabacologue.fr\/wp-content\/uploads\/2023\/04\/brouillard-1-2017x2048.png 2017w\" sizes=\"auto, (max-width: 1008px) 100vw, 1008px\" \/><\/figure>\n<\/div>\n\n\n\n<div class=\"wp-block-column is-layout-flow wp-block-column-is-layout-flow\" style=\"flex-basis:66.66%\">\n<p class=\"has-text-color\" style=\"color:#636363;font-size:19px;line-height:1.1\">Le parcours professionnel est long et peut \u00eatre tumultueux :<br><br>            &#8211; \u00e9puisement,<br>            &#8211; relations professionnelles complexes,<br>            &#8211; choix de carri\u00e8re \u00e9pineux,<br>            &#8211; conditions de travail difficiles,<br>            &#8211; perte de sens,<br>            &#8211; r\u00e9orientation&#8230;<br><br>En consultation nous prenons le temps de d\u00e9m\u00ealer votre situation. Nous nous penchons sur votre rapport au travail, mais aussi sur le concret de votre activit\u00e9 professionnelle.<br><br>Nous analysons ensemble les emp\u00eachements personnels comme organisationnels. Enfin nous portons attention aux marges de man\u0153uvres possibles, aux degr\u00e9s de libert\u00e9 qu&rsquo;il est possible de (re)gagner.<br><br>Peu \u00e0 peu, vous reprenez la main sur votre vie professionnelle.<\/p>\n<\/div>\n<\/div>\n\n\n\n<div style=\"height:9px\" aria-hidden=\"true\" class=\"wp-block-spacer\"><\/div>\n<\/div>\n<\/div>\n","protected":false},"excerpt":{"rendered":"<p>Accompagnement sur toutes les probl\u00e9matiques li\u00e9es au monde du travail. Le parcours professionnel est long et peut \u00eatre tumultueux : &#8211; \u00e9puisement, &#8211; relations professionnelles complexes, &#8211; choix de carri\u00e8re \u00e9pineux, &#8211; conditions de travail difficiles, &#8211; perte de sens, &#8211; r\u00e9orientation&#8230; En consultation nous prenons le temps de d\u00e9m\u00ealer votre situation. Nous nous penchons [&hellip;]<\/p>\n","protected":false},"author":1,"featured_media":0,"parent":0,"menu_order":0,"comment_status":"closed","ping_status":"closed","template":"","meta":{"_coblocks_attr":"","_coblocks_dimensions":"","_coblocks_responsive_height":"","_coblocks_accordion_ie_support":"","om_disable_all_campaigns":false,"_monsterinsights_skip_tracking":false,"_monsterinsights_sitenote_active":false,"_monsterinsights_sitenote_note":"","_monsterinsights_sitenote_category":0,"hide_page_title":"enabled","footnotes":""},"class_list":["post-42","page","type-page","status-publish","hentry"],"aioseo_notices":[],"_links":{"self":[{"href":"https:\/\/www.psychologue-tabacologue.fr\/index.php\/wp-json\/wp\/v2\/pages\/42","targetHints":{"allow":["GET"]}}],"collection":[{"href":"https:\/\/www.psychologue-tabacologue.fr\/index.php\/wp-json\/wp\/v2\/pages"}],"about":[{"href":"https:\/\/www.psychologue-tabacologue.fr\/index.php\/wp-json\/wp\/v2\/types\/page"}],"author":[{"embeddable":true,"href":"https:\/\/www.psychologue-tabacologue.fr\/index.php\/wp-json\/wp\/v2\/users\/1"}],"replies":[{"embeddable":true,"href":"https:\/\/www.psychologue-tabacologue.fr\/index.php\/wp-json\/wp\/v2\/comments?post=42"}],"version-history":[{"count":28,"href":"https:\/\/www.psychologue-tabacologue.fr\/index.php\/wp-json\/wp\/v2\/pages\/42\/revisions"}],"predecessor-version":[{"id":531,"href":"https:\/\/www.psychologue-tabacologue.fr\/index.php\/wp-json\/wp\/v2\/pages\/42\/revisions\/531"}],"wp:attachment":[{"href":"https:\/\/www.psychologue-tabacologue.fr\/index.php\/wp-json\/wp\/v2\/media?parent=42"}],"curies":[{"name":"wp","href":"https:\/\/api.w.org\/{rel}","templated":true}]}}