{"id":428,"date":"2023-06-30T17:13:13","date_gmt":"2023-06-30T15:13:13","guid":{"rendered":"https:\/\/www.psychologue-tabacologue.fr\/?page_id=428"},"modified":"2023-07-04T12:42:36","modified_gmt":"2023-07-04T10:42:36","slug":"soutien-psychologique","status":"publish","type":"page","link":"https:\/\/www.psychologue-tabacologue.fr\/index.php\/soutien-psychologique\/","title":{"rendered":"Soutien psychologique"},"content":{"rendered":"\n<div class=\"wp-block-columns alignwide is-layout-flex wp-container-core-columns-is-layout-9d6595d7 wp-block-columns-is-layout-flex\">\n<div class=\"wp-block-column is-layout-flow wp-block-column-is-layout-flow\">\n<h1 class=\"wp-block-heading has-text-align-center has-text-color\" style=\"color:#9b494b;font-size:37px\">B\u00e9n\u00e9ficier d&rsquo;une \u00e9coute bienveillante et chaleureuse <br>pendant une phase de vie douloureuse<\/h1>\n\n\n\n<div style=\"height:37px\" aria-hidden=\"true\" class=\"wp-block-spacer\"><\/div>\n\n\n\n<div class=\"wp-block-columns is-layout-flex wp-container-core-columns-is-layout-9d6595d7 wp-block-columns-is-layout-flex\">\n<div class=\"wp-block-column is-layout-flow wp-block-column-is-layout-flow\" style=\"flex-basis:33.33%\">\n<figure class=\"wp-block-image size-medium\"><img loading=\"lazy\" decoding=\"async\" width=\"300\" height=\"300\" src=\"https:\/\/www.psychologue-tabacologue.fr\/wp-content\/uploads\/2023\/06\/the-chill-edited-300x300.jpg\" alt=\"Tasse de th\u00e9 et couverture sugg\u00e9rant le r\u00e9confort\" class=\"wp-image-431\" title=\"R\u00e9confort\" srcset=\"https:\/\/www.psychologue-tabacologue.fr\/wp-content\/uploads\/2023\/06\/the-chill-edited-300x300.jpg 300w, https:\/\/www.psychologue-tabacologue.fr\/wp-content\/uploads\/2023\/06\/the-chill-edited-1024x1024.jpg 1024w, https:\/\/www.psychologue-tabacologue.fr\/wp-content\/uploads\/2023\/06\/the-chill-edited-150x150.jpg 150w, https:\/\/www.psychologue-tabacologue.fr\/wp-content\/uploads\/2023\/06\/the-chill-edited-768x769.jpg 768w, https:\/\/www.psychologue-tabacologue.fr\/wp-content\/uploads\/2023\/06\/the-chill-edited.jpg 1535w\" sizes=\"auto, (max-width: 300px) 100vw, 300px\" \/><\/figure>\n<\/div>\n\n\n\n<div class=\"wp-block-column is-layout-flow wp-block-column-is-layout-flow\" style=\"flex-basis:66.66%\">\n<div style=\"height:36px\" aria-hidden=\"true\" class=\"wp-block-spacer\"><\/div>\n\n\n\n<p class=\"has-text-color\" style=\"color:#636363;font-size:19px;line-height:1.1\">Nous traversons tous des moments difficiles. Plus ou moins p\u00e9nibles, parfois bouleversants, toujours \u00e9prouvants. Les coups durs et les moments de doute font partie de l&rsquo;exp\u00e9rience de la vie.<\/p>\n\n\n\n<p class=\"has-text-color\" style=\"color:#636363;font-size:19px;line-height:1.1\">Quand la peine est trop grande, que les doutes deviennent envahissants, trouver un espace chaleureux et bienveillant o\u00f9 d\u00e9poser son chagrin, parler de ses interrogations, un endroit o\u00f9 trouver du r\u00e9confort et des encouragements est pr\u00e9cieux.<\/p>\n<\/div>\n<\/div>\n\n\n\n<div style=\"height:9px\" aria-hidden=\"true\" class=\"wp-block-spacer\"><\/div>\n\n\n\n<div style=\"height:27px\" aria-hidden=\"true\" class=\"wp-block-spacer\"><\/div>\n\n\n\n<h1 class=\"wp-block-heading has-text-align-center has-text-color\" style=\"color:#9b494b;font-size:37px\"> \u00c9changer sur une situation d\u00e9licate ou sur un choix \u00e9pineux<\/h1>\n\n\n\n<div style=\"height:37px\" aria-hidden=\"true\" class=\"wp-block-spacer\"><\/div>\n\n\n\n<div class=\"wp-block-columns is-layout-flex wp-container-core-columns-is-layout-9d6595d7 wp-block-columns-is-layout-flex\">\n<div class=\"wp-block-column is-layout-flow wp-block-column-is-layout-flow\" style=\"flex-basis:66.7%\">\n<p class=\"has-text-color\" style=\"color:#636363;font-size:19px;line-height:1.1\">Un enseignant nous a dit un jour que l&rsquo;une des missions du psychologue \u00e9tait de pr\u00eater son appareil \u00e0 penser aux personnes qu&rsquo;il accompagne. J&rsquo;ai beaucoup aim\u00e9 cette image.<\/p>\n\n\n\n<p class=\"has-text-color\" style=\"color:#636363;font-size:19px;line-height:1.1\">Au cours de nos \u00e9tudes et formations, nous apprenons des concepts qui transforment le regard que nous portons sur le monde. C&rsquo;est ce regard que nous pr\u00eatons lors des consultations.<\/p>\n\n\n\n<p class=\"has-text-color\" style=\"color:#636363;font-size:19px;line-height:1.1\">Nous \u00e9changeons sur votre situation, vos doutes, vos envies et vos craintes. Ces \u00e9changes conduisent alors \u00e0 une red\u00e9couverte de soi, du contexte et de ses enjeux. De ce nouvel angle de vue peuvent alors \u00e9merger des voies insoup\u00e7onn\u00e9es jusqu&rsquo;alors.<\/p>\n<\/div>\n\n\n\n<div class=\"wp-block-column is-layout-flow wp-block-column-is-layout-flow\" style=\"flex-basis:33.3%\">\n<div style=\"height:22px\" aria-hidden=\"true\" class=\"wp-block-spacer\"><\/div>\n\n\n\n<figure class=\"wp-block-image size-full is-resized\"><img loading=\"lazy\" decoding=\"async\" src=\"https:\/\/www.psychologue-tabacologue.fr\/wp-content\/uploads\/2023\/06\/Capture-decran-2023-06-30-a-16.11.04.png\" alt=\"Photos des mains de deux personnes qui tiennent des pi\u00e8ces de puzzle sugg\u00e9rant la collaboration\" class=\"wp-image-446\" width=\"249\" height=\"170\" title=\"Coconstruction\" srcset=\"https:\/\/www.psychologue-tabacologue.fr\/wp-content\/uploads\/2023\/06\/Capture-decran-2023-06-30-a-16.11.04.png 584w, https:\/\/www.psychologue-tabacologue.fr\/wp-content\/uploads\/2023\/06\/Capture-decran-2023-06-30-a-16.11.04-300x205.png 300w\" sizes=\"auto, (max-width: 249px) 100vw, 249px\" \/><\/figure>\n<\/div>\n<\/div>\n\n\n\n<div style=\"height:27px\" aria-hidden=\"true\" class=\"wp-block-spacer\"><\/div>\n\n\n\n<h1 class=\"wp-block-heading has-text-align-center has-text-color\" style=\"color:#9b494b;font-size:37px\">(Re)d\u00e9couvrir ses forces, ses ressources et les d\u00e9velopper<\/h1>\n\n\n\n<div style=\"height:37px\" aria-hidden=\"true\" class=\"wp-block-spacer\"><\/div>\n\n\n\n<div class=\"wp-block-columns is-layout-flex wp-container-core-columns-is-layout-9d6595d7 wp-block-columns-is-layout-flex\">\n<div class=\"wp-block-column is-layout-flow wp-block-column-is-layout-flow\" style=\"flex-basis:33.33%\">\n<figure class=\"wp-block-image size-medium\"><img loading=\"lazy\" decoding=\"async\" width=\"300\" height=\"300\" src=\"https:\/\/www.psychologue-tabacologue.fr\/wp-content\/uploads\/2023\/06\/4253793-300x300.jpg\" alt=\"Image d'une personne qui cultive son jardin dans une t\u00eate imaginaire\" class=\"wp-image-454\" title=\"Fleurir son esprit\" srcset=\"https:\/\/www.psychologue-tabacologue.fr\/wp-content\/uploads\/2023\/06\/4253793-300x300.jpg 300w, https:\/\/www.psychologue-tabacologue.fr\/wp-content\/uploads\/2023\/06\/4253793-1024x1024.jpg 1024w, https:\/\/www.psychologue-tabacologue.fr\/wp-content\/uploads\/2023\/06\/4253793-150x150.jpg 150w, https:\/\/www.psychologue-tabacologue.fr\/wp-content\/uploads\/2023\/06\/4253793-768x768.jpg 768w, https:\/\/www.psychologue-tabacologue.fr\/wp-content\/uploads\/2023\/06\/4253793-1536x1536.jpg 1536w, https:\/\/www.psychologue-tabacologue.fr\/wp-content\/uploads\/2023\/06\/4253793.jpg 2000w\" sizes=\"auto, (max-width: 300px) 100vw, 300px\" \/><\/figure>\n<\/div>\n\n\n\n<div class=\"wp-block-column is-layout-flow wp-block-column-is-layout-flow\" style=\"flex-basis:66.66%\">\n<div style=\"height:43px\" aria-hidden=\"true\" class=\"wp-block-spacer\"><\/div>\n\n\n\n<p class=\"has-text-color\" style=\"color:#636363;font-size:19px;line-height:1.1\">D\u00e9velopper ses atouts, identifier ses ressources, prendre soin de ses \u00e9motions et reprendre contact avec ses sources de plaisir. <\/p>\n\n\n\n<p class=\"has-text-color\" style=\"color:#636363;font-size:19px;line-height:1.1\">Que ce soit pour traverser une turbulence de la vie ou simplement pour le plaisir de mieux se conna\u00eetre et d\u00e9velopper ses possibles, la consultation est aussi un lieu pour cultiver son monde int\u00e9rieur.<\/p>\n<\/div>\n<\/div>\n<\/div>\n<\/div>\n","protected":false},"excerpt":{"rendered":"<p>B\u00e9n\u00e9ficier d&rsquo;une \u00e9coute bienveillante et chaleureuse pendant une phase de vie douloureuse Nous traversons tous des moments difficiles. Plus ou moins p\u00e9nibles, parfois bouleversants, toujours \u00e9prouvants. Les coups durs et les moments de doute font partie de l&rsquo;exp\u00e9rience de la vie. Quand la peine est trop grande, que les doutes deviennent envahissants, trouver un espace [&hellip;]<\/p>\n","protected":false},"author":1,"featured_media":0,"parent":0,"menu_order":0,"comment_status":"closed","ping_status":"closed","template":"","meta":{"_coblocks_attr":"","_coblocks_dimensions":"","_coblocks_responsive_height":"","_coblocks_accordion_ie_support":"","om_disable_all_campaigns":false,"_monsterinsights_skip_tracking":false,"_monsterinsights_sitenote_active":false,"_monsterinsights_sitenote_note":"","_monsterinsights_sitenote_category":0,"hide_page_title":"enabled","footnotes":""},"class_list":["post-428","page","type-page","status-publish","hentry"],"aioseo_notices":[],"_links":{"self":[{"href":"https:\/\/www.psychologue-tabacologue.fr\/index.php\/wp-json\/wp\/v2\/pages\/428","targetHints":{"allow":["GET"]}}],"collection":[{"href":"https:\/\/www.psychologue-tabacologue.fr\/index.php\/wp-json\/wp\/v2\/pages"}],"about":[{"href":"https:\/\/www.psychologue-tabacologue.fr\/index.php\/wp-json\/wp\/v2\/types\/page"}],"author":[{"embeddable":true,"href":"https:\/\/www.psychologue-tabacologue.fr\/index.php\/wp-json\/wp\/v2\/users\/1"}],"replies":[{"embeddable":true,"href":"https:\/\/www.psychologue-tabacologue.fr\/index.php\/wp-json\/wp\/v2\/comments?post=428"}],"version-history":[{"count":39,"href":"https:\/\/www.psychologue-tabacologue.fr\/index.php\/wp-json\/wp\/v2\/pages\/428\/revisions"}],"predecessor-version":[{"id":529,"href":"https:\/\/www.psychologue-tabacologue.fr\/index.php\/wp-json\/wp\/v2\/pages\/428\/revisions\/529"}],"wp:attachment":[{"href":"https:\/\/www.psychologue-tabacologue.fr\/index.php\/wp-json\/wp\/v2\/media?parent=428"}],"curies":[{"name":"wp","href":"https:\/\/api.w.org\/{rel}","templated":true}]}}