{"id":43,"date":"2023-04-13T13:15:01","date_gmt":"2023-04-13T11:15:01","guid":{"rendered":"https:\/\/www.psychologue-tabacologue.fr\/?page_id=43"},"modified":"2026-02-21T21:11:49","modified_gmt":"2026-02-21T20:11:49","slug":"qui-suis-je","status":"publish","type":"page","link":"https:\/\/www.psychologue-tabacologue.fr\/index.php\/qui-suis-je\/","title":{"rendered":"Qui suis-je ?"},"content":{"rendered":"\n<div class=\"wp-block-columns alignwide is-layout-flex wp-container-core-columns-is-layout-9d6595d7 wp-block-columns-is-layout-flex\">\n<div class=\"wp-block-column is-layout-flow wp-block-column-is-layout-flow\" style=\"flex-basis:33.33%\">\n<figure class=\"wp-block-gallery has-nested-images columns-default is-cropped wp-block-gallery-1 is-layout-flex wp-block-gallery-is-layout-flex\">\n<figure class=\"wp-block-image size-full\"><img loading=\"lazy\" decoding=\"async\" width=\"454\" height=\"454\" data-id=\"114\" src=\"https:\/\/www.psychologue-tabacologue.fr\/wp-content\/uploads\/2023\/04\/Marie-Blanquart.jpeg\" alt=\"Photo de Marie Blanquart Psychologue - Tabacologue\" class=\"wp-image-114\" title=\"photo de Marie Blanquart\" srcset=\"https:\/\/www.psychologue-tabacologue.fr\/wp-content\/uploads\/2023\/04\/Marie-Blanquart.jpeg 454w, https:\/\/www.psychologue-tabacologue.fr\/wp-content\/uploads\/2023\/04\/Marie-Blanquart-300x300.jpeg 300w, https:\/\/www.psychologue-tabacologue.fr\/wp-content\/uploads\/2023\/04\/Marie-Blanquart-150x150.jpeg 150w\" sizes=\"auto, (max-width: 454px) 100vw, 454px\" \/><\/figure>\n<\/figure>\n<\/div>\n\n\n\n<div class=\"wp-block-column is-layout-flow wp-block-column-is-layout-flow\" style=\"flex-basis:66.66%\">\n<h1 class=\"wp-block-heading has-text-color\" style=\"color:#9b494b;font-size:37px\">Marie Blanquart<\/h1>\n\n\n\n<p>Ma vie professionnelle a commenc\u00e9 par 10 ann\u00e9es d&rsquo;exercice lib\u00e9ral comme chirurgien dentiste. Rapidement mon int\u00e9r\u00eat pour la relation avec mes patients est devenue beaucoup plus importante et int\u00e9ressante \u00e0 mes yeux que la technicit\u00e9 des soins. J&rsquo;ai donc d\u00e9cid\u00e9 de mettre cette dimension humaine au c\u0153ur de mon exercice et me suis engag\u00e9e dans un processus de reconversion.<br><br>Aujourd&rsquo;hui dipl\u00f4m\u00e9e du CNAM Paris comme psychologue du travail et des organisations, et de l&rsquo;Universit\u00e9 de Paris Saclay en tabacologie et aide au sevrage tabagique, je continue \u00e0 me former pour vous accompagner au mieux dans la travers\u00e9e de vos difficult\u00e9s.<\/p>\n\n\n\n<h2 class=\"wp-block-heading has-text-color\" style=\"color:#9b494b;font-size:37px\">Formations<\/h2>\n\n\n\n<p>DU de Psychoth\u00e9rapie Int\u00e9grative &#8211; Universit\u00e9 de Strasbourg (2\u00e8me ann\u00e9e)<\/p>\n\n\n\n<p>Psychologue du travail et des organisations &#8211; CNAM Paris (2023)<\/p>\n\n\n\n<p>DIU de Tabacologie et d&rsquo;aide au sevrage tabagique &#8211; Universit\u00e9 Paris Saclay (2022)<\/p>\n\n\n\n<p>Psychoth\u00e9rapie br\u00e8ve, syst\u00e9mique et strat\u00e9gique &#8211; IGB Paris (modules 1 \u00e0 3, 2017)<\/p>\n\n\n\n<p>Praticienne Sophrologue &#8211; CEAS Paris (2016)<br>DU de Parodontologie clinique et Implantologie &#8211; Universit\u00e9 Paris Diderot (2010 &amp; 2011)<\/p>\n\n\n\n<p>Docteur en chirurgie dentaire &#8211; Universit\u00e9 Rennes 1 (2007)<\/p>\n<\/div>\n<\/div>\n","protected":false},"excerpt":{"rendered":"<p>Marie Blanquart Ma vie professionnelle a commenc\u00e9 par 10 ann\u00e9es d&rsquo;exercice lib\u00e9ral comme chirurgien dentiste. Rapidement mon int\u00e9r\u00eat pour la relation avec mes patients est devenue beaucoup plus importante et int\u00e9ressante \u00e0 mes yeux que la technicit\u00e9 des soins. J&rsquo;ai donc d\u00e9cid\u00e9 de mettre cette dimension humaine au c\u0153ur de mon exercice et me suis [&hellip;]<\/p>\n","protected":false},"author":1,"featured_media":0,"parent":0,"menu_order":0,"comment_status":"closed","ping_status":"closed","template":"","meta":{"_coblocks_attr":"","_coblocks_dimensions":"","_coblocks_responsive_height":"","_coblocks_accordion_ie_support":"","om_disable_all_campaigns":false,"_monsterinsights_skip_tracking":false,"_monsterinsights_sitenote_active":false,"_monsterinsights_sitenote_note":"","_monsterinsights_sitenote_category":0,"hide_page_title":"enabled","footnotes":""},"class_list":["post-43","page","type-page","status-publish","hentry"],"aioseo_notices":[],"_links":{"self":[{"href":"https:\/\/www.psychologue-tabacologue.fr\/index.php\/wp-json\/wp\/v2\/pages\/43","targetHints":{"allow":["GET"]}}],"collection":[{"href":"https:\/\/www.psychologue-tabacologue.fr\/index.php\/wp-json\/wp\/v2\/pages"}],"about":[{"href":"https:\/\/www.psychologue-tabacologue.fr\/index.php\/wp-json\/wp\/v2\/types\/page"}],"author":[{"embeddable":true,"href":"https:\/\/www.psychologue-tabacologue.fr\/index.php\/wp-json\/wp\/v2\/users\/1"}],"replies":[{"embeddable":true,"href":"https:\/\/www.psychologue-tabacologue.fr\/index.php\/wp-json\/wp\/v2\/comments?post=43"}],"version-history":[{"count":13,"href":"https:\/\/www.psychologue-tabacologue.fr\/index.php\/wp-json\/wp\/v2\/pages\/43\/revisions"}],"predecessor-version":[{"id":639,"href":"https:\/\/www.psychologue-tabacologue.fr\/index.php\/wp-json\/wp\/v2\/pages\/43\/revisions\/639"}],"wp:attachment":[{"href":"https:\/\/www.psychologue-tabacologue.fr\/index.php\/wp-json\/wp\/v2\/media?parent=43"}],"curies":[{"name":"wp","href":"https:\/\/api.w.org\/{rel}","templated":true}]}}