{"id":57,"date":"2023-04-13T13:23:04","date_gmt":"2023-04-13T11:23:04","guid":{"rendered":"https:\/\/www.psychologue-tabacologue.fr\/?page_id=57"},"modified":"2024-04-16T10:44:54","modified_gmt":"2024-04-16T08:44:54","slug":"accueil","status":"publish","type":"page","link":"https:\/\/www.psychologue-tabacologue.fr\/","title":{"rendered":"Accueil"},"content":{"rendered":"\n<div class=\"wp-block-group alignfull has-background mb-0 mt-0\" style=\"background-color:#f7f3e41f;padding-top:0px;padding-right:0px;padding-bottom:0px;padding-left:0px\"><div class=\"wp-block-group__inner-container is-layout-flow wp-block-group-is-layout-flow\">\n<div style=\"height:44px\" aria-hidden=\"true\" class=\"wp-block-spacer\"><\/div>\n\n\n\n<h1 class=\"wp-block-heading has-text-align-center\" style=\"font-size:48px\">Consultations \u00e0 Strasbourg-Centre<\/h1>\n\n\n\n<p class=\"has-text-align-center\" style=\"font-size:22px\">06.72.88.14.35<br>marie.blanquart.psychologue@gmail.com<\/p>\n\n\n\n<div style=\"height:30px\" aria-hidden=\"true\" class=\"wp-block-spacer\"><\/div>\n\n\n\n<div class=\"wp-block-buttons is-content-justification-center is-layout-flex wp-container-core-buttons-is-layout-16018d1d wp-block-buttons-is-layout-flex\">\n<div class=\"wp-block-button\"><a class=\"wp-block-button__link has-text-color has-text-align-center wp-element-button\" href=\"https:\/\/www.doctolib.fr\/psychologue\/strasbourg\/marie-blanquart-strasbourg\" style=\"color:#f5ecdb\" target=\"_blank\" rel=\"noreferrer noopener\">Prendre RDV<\/a><\/div>\n<\/div>\n\n\n\n<div style=\"height:90px\" aria-hidden=\"true\" class=\"wp-block-spacer\"><\/div>\n\n\n\n<div class=\"wp-block-columns is-layout-flex wp-container-core-columns-is-layout-95e72c11 wp-block-columns-is-layout-flex\" style=\"padding-top:var(--wp--preset--spacing--40);padding-right:var(--wp--preset--spacing--40);padding-bottom:var(--wp--preset--spacing--40);padding-left:var(--wp--preset--spacing--40)\">\n<div class=\"wp-block-column is-layout-flow wp-block-column-is-layout-flow\" style=\"flex-basis:33.33%\">\n<figure class=\"wp-block-image size-large\"><img loading=\"lazy\" decoding=\"async\" width=\"727\" height=\"1024\" src=\"https:\/\/www.psychologue-tabacologue.fr\/wp-content\/uploads\/2023\/04\/Chemon-loupe-727x1024.jpg\" alt=\"Illustration qui montre qu'en changeant de focus, on peut d\u00e9couvrir un chemin invisible initialement\" class=\"wp-image-255\" title=\"trouver une nouvelle voie\" srcset=\"https:\/\/www.psychologue-tabacologue.fr\/wp-content\/uploads\/2023\/04\/Chemon-loupe-727x1024.jpg 727w, https:\/\/www.psychologue-tabacologue.fr\/wp-content\/uploads\/2023\/04\/Chemon-loupe-213x300.jpg 213w, https:\/\/www.psychologue-tabacologue.fr\/wp-content\/uploads\/2023\/04\/Chemon-loupe-768x1082.jpg 768w, https:\/\/www.psychologue-tabacologue.fr\/wp-content\/uploads\/2023\/04\/Chemon-loupe-1091x1536.jpg 1091w, https:\/\/www.psychologue-tabacologue.fr\/wp-content\/uploads\/2023\/04\/Chemon-loupe-1454x2048.jpg 1454w, https:\/\/www.psychologue-tabacologue.fr\/wp-content\/uploads\/2023\/04\/Chemon-loupe-scaled.jpg 1818w\" sizes=\"auto, (max-width: 727px) 100vw, 727px\" \/><\/figure>\n<\/div>\n\n\n\n<div class=\"wp-block-column is-layout-flow wp-block-column-is-layout-flow\" style=\"flex-basis:66.66%\">\n<h2 class=\"wp-block-heading has-text-align-center has-text-color has-playfair-display-font-family has-custom-font\" style=\"color:#9b494b;font-family:Playfair Display;font-size:35px\">Une rencontre<\/h2>\n\n\n\n<p class=\"has-text-align-center\">Un premier rendez-vous permet de faire connaissance et de d\u00e9couvrir les lieux. C&rsquo;est un moment pendant lequel vous pourrez voir si vous vous sentez \u00e0 l&rsquo;aise et en confiance pour que l&rsquo;on travaille ensemble.<\/p>\n\n\n\n<h2 class=\"wp-block-heading has-text-align-center has-text-color has-playfair-display-font-family has-custom-font\" style=\"color:#9b494b;font-family:Playfair Display;font-size:35px\">Un temps pour soi<\/h2>\n\n\n\n<p class=\"has-text-align-center\">Chaque rencontre est un moment que vous vous accordez. Un temps pendant lequel vous avez la possibilit\u00e9 d&rsquo;exprimer librement vos \u00e9motions, vos pens\u00e9es, vos difficult\u00e9s et vos doutes.<\/p>\n\n\n\n<h2 class=\"wp-block-heading has-text-align-center has-text-color has-playfair-display-font-family has-custom-font\" style=\"color:#9b494b;font-family:Playfair Display;font-size:35px\">Une ouverture<\/h2>\n\n\n\n<p class=\"has-text-align-center\">Dans un cadre s\u00e9curisant et bienveillant, je vous accompagne dans l&rsquo;exploration de vos difficult\u00e9s et de vos emp\u00eachements afin de les d\u00e9passer et (re)d\u00e9couvrir vos forces et vos ressources.<\/p>\n\n\n\n<div style=\"height:66px\" aria-hidden=\"true\" class=\"wp-block-spacer\"><\/div>\n\n\n\n<div class=\"wp-block-buttons is-content-justification-center is-layout-flex wp-container-core-buttons-is-layout-16018d1d wp-block-buttons-is-layout-flex\">\n<div class=\"wp-block-button\"><a class=\"wp-block-button__link has-text-color wp-element-button\" href=\"https:\/\/www.psychologue-tabacologue.fr\/index.php\/aide-a-larret-du-tabac\/\" style=\"color:#f5ecdb\">Aide \u00e0<br>l&rsquo;arr\u00eat du tabac<\/a><\/div>\n\n\n\n<div class=\"wp-block-button\"><a class=\"wp-block-button__link has-text-color wp-element-button\" href=\"https:\/\/www.psychologue-tabacologue.fr\/index.php\/psychologie-du-travail\/\" style=\"color:#f5ecdb\">Probl\u00e9matiques<br>professionnelles<\/a><\/div>\n\n\n\n<div class=\"wp-block-button\"><a class=\"wp-block-button__link has-text-color wp-element-button\" href=\"https:\/\/www.psychologue-tabacologue.fr\/index.php\/soutien-psychologique\/\" style=\"color:#f5ecdb\">Soutien <br>psychologique<\/a><\/div>\n<\/div>\n<\/div>\n<\/div>\n\n\n\n<div class=\"wp-block-columns alignwide is-layout-flex wp-container-core-columns-is-layout-9d6595d7 wp-block-columns-is-layout-flex\">\n<div class=\"wp-block-column is-layout-flow wp-block-column-is-layout-flow\">\n<div style=\"height:5px\" aria-hidden=\"true\" class=\"wp-block-spacer\"><\/div>\n<\/div>\n<\/div>\n<\/div><\/div>\n","protected":false},"excerpt":{"rendered":"<p>Consultations \u00e0 Strasbourg-Centre 06.72.88.14.35marie.blanquart.psychologue@gmail.com Une rencontre Un premier rendez-vous permet de faire connaissance et de d\u00e9couvrir les lieux. C&rsquo;est un moment pendant lequel vous pourrez voir si vous vous sentez \u00e0 l&rsquo;aise et en confiance pour que l&rsquo;on travaille ensemble. Un temps pour soi Chaque rencontre est un moment que vous vous accordez. Un temps [&hellip;]<\/p>\n","protected":false},"author":1,"featured_media":0,"parent":0,"menu_order":0,"comment_status":"closed","ping_status":"closed","template":"","meta":{"_coblocks_attr":"AsapTimes New Roman,Fira Sans,Lato,Lora,Montserrat,Noto Sans,Noto Serif,Open Sans,PT Serif,Roboto,Rubik,Ubuntu,Yrsa,Oswald,Tajawal,,Arial,Helvetica,Georgia,Arvo,Anton,Abril Fatface,Asap,Barlow Condensed,Cormorant Garamond,Faustina,IBM Plex Sans,Heebo,Inconsolata,Karla,Merriweather,Playfair Display,","_coblocks_dimensions":"","_coblocks_responsive_height":"","_coblocks_accordion_ie_support":"","om_disable_all_campaigns":false,"_monsterinsights_skip_tracking":false,"_monsterinsights_sitenote_active":false,"_monsterinsights_sitenote_note":"","_monsterinsights_sitenote_category":0,"hide_page_title":"enabled","footnotes":""},"class_list":["post-57","page","type-page","status-publish","hentry"],"aioseo_notices":[],"_links":{"self":[{"href":"https:\/\/www.psychologue-tabacologue.fr\/index.php\/wp-json\/wp\/v2\/pages\/57","targetHints":{"allow":["GET"]}}],"collection":[{"href":"https:\/\/www.psychologue-tabacologue.fr\/index.php\/wp-json\/wp\/v2\/pages"}],"about":[{"href":"https:\/\/www.psychologue-tabacologue.fr\/index.php\/wp-json\/wp\/v2\/types\/page"}],"author":[{"embeddable":true,"href":"https:\/\/www.psychologue-tabacologue.fr\/index.php\/wp-json\/wp\/v2\/users\/1"}],"replies":[{"embeddable":true,"href":"https:\/\/www.psychologue-tabacologue.fr\/index.php\/wp-json\/wp\/v2\/comments?post=57"}],"version-history":[{"count":51,"href":"https:\/\/www.psychologue-tabacologue.fr\/index.php\/wp-json\/wp\/v2\/pages\/57\/revisions"}],"predecessor-version":[{"id":634,"href":"https:\/\/www.psychologue-tabacologue.fr\/index.php\/wp-json\/wp\/v2\/pages\/57\/revisions\/634"}],"wp:attachment":[{"href":"https:\/\/www.psychologue-tabacologue.fr\/index.php\/wp-json\/wp\/v2\/media?parent=57"}],"curies":[{"name":"wp","href":"https:\/\/api.w.org\/{rel}","templated":true}]}}