{"id":70,"date":"2023-04-13T14:39:07","date_gmt":"2023-04-13T12:39:07","guid":{"rendered":"https:\/\/www.psychologue-tabacologue.fr\/?page_id=70"},"modified":"2023-06-30T20:46:23","modified_gmt":"2023-06-30T18:46:23","slug":"mentions-legales-et-politique-de-confidentialite","status":"publish","type":"page","link":"https:\/\/www.psychologue-tabacologue.fr\/index.php\/mentions-legales-et-politique-de-confidentialite\/","title":{"rendered":"Politique de confidentialit\u00e9"},"content":{"rendered":"\n<p><strong>Date de derni\u00e8re mise \u00e0 jour : <\/strong>17\/04\/2023<br><\/p>\n\n\n\n<p>La confidentialit\u00e9 des visiteurs de notre site web est tr\u00e8s importante \u00e0 nos yeux, et nous nous engageons \u00e0 la prot\u00e9ger. La politique de confidentialit\u00e9 d\u00e9taille ce que nous faisons de vos informations personnelles, dans le respect du R\u00e8glement G\u00e9n\u00e9ral sur la Protection des Donn\u00e9es 2016\/679 du 27 avril 2016 <em>(\u00ab RGPD \u00bb)<\/em>.<\/p>\n\n\n\n<p><\/p>\n\n\n\n<p><strong>1. Cadre de la collecte de vos donn\u00e9es \u00e0 caract\u00e8re personnel<br><\/strong><br>Lors de votre navigation, nous recueillons des informations \u00e0 propos de votre ordinateur, telles que votre adresse IP, votre localisation g\u00e9ographique, la date et l&rsquo;heure de connexion, les informations sur le navigateur que vous utilisez.<br>Nous recueillons \u00e9galement des informations sur vos visites et votre utilisation de ce site telles que la dur\u00e9e de la visite, les pages vues, et les chemins de navigation de sites web.<\/p>\n\n\n\n<p><\/p>\n\n\n\n<p><strong>2. Comment prot\u00e9geons-nous vos donn\u00e9es \u00e0 caract\u00e8re personnel ?<br><\/strong><br>Nous prendrons des pr\u00e9cautions techniques et organisationnelles raisonnables pour emp\u00eacher la perte, l\u2019abus ou l\u2019alt\u00e9ration de vos informations personnelle.<\/p>\n\n\n\n<p>Toutefois, il est pr\u00e9cis\u00e9 qu\u2019aucune mesure de s\u00e9curit\u00e9 n\u2019\u00e9tant infaillible, nous ne sommes pas en mesure de garantir une s\u00e9curit\u00e9 absolue \u00e0 vos donn\u00e9es \u00e0 caract\u00e8re personnel.<\/p>\n\n\n\n<p><\/p>\n\n\n\n<p><strong>3. Partage des donn\u00e9es \u00e0 caract\u00e8re personnel avec les autorit\u00e9s<\/strong><\/p>\n\n\n\n<p><\/p>\n\n\n\n<p>Nous pouvons \u00eatre amen\u00e9s \u00e0 divulguer vos donn\u00e9es \u00e0 caract\u00e8re personnel :<br>\u25fc\ufe0f Dans la mesure o\u00f9 nous sommes tenus de le faire par la loi ;<br>\u25fc\ufe0f Pour \u00e9tablir, exercer ou d\u00e9fendre nos droits l\u00e9gaux ;<br>\u25fc\ufe0f \u00c0 toute personne que nous estimons raisonnablement faire partie int\u00e9grante d\u2019un tribunal ou autre autorit\u00e9 comp\u00e9tente pour la divulgation de ces informations personnelles si, selon notre opinion, un tel tribunal ou une telle autorit\u00e9 serait susceptible de demander la divulgation de ces informations personnelles.<br><br>Sauf disposition contraire de la pr\u00e9sente politique, nous ne transmettrons pas vos informations personnelles \u00e0 des tierces parties.<\/p>\n\n\n\n<p><strong>4. Combien de temps conservons-nous vos donn\u00e9es \u00e0 caract\u00e8re personnel ?<br><\/strong><br>Nous conserverons vos donn\u00e9es \u00e0 caract\u00e8re personnel pendant une dur\u00e9e n&rsquo;exc\u00e9dant pas celle n\u00e9cessaire au regard des finalit\u00e9s pour lesquelles elles sont trait\u00e9es conform\u00e9ment aux utilisations expos\u00e9es dans la pr\u00e9sente Charte et dans le respect des lois et r\u00e8glements.<\/p>\n\n\n\n<p><strong>5. Cookies : comment les utilisons-nous ?<\/strong><\/p>\n\n\n\n<p><strong>5.1 Qu\u2019est-ce qu\u2019un cookie ?<\/strong><\/p>\n\n\n\n<p>Un cookie est un petit fichier stock\u00e9 par un serveur dans le terminal (ordinateur, t\u00e9l\u00e9phone, etc.) d\u2019un utilisateur et associ\u00e9 \u00e0 un domaine internet. Ce fichier est automatiquement renvoy\u00e9 lors de contacts ult\u00e9rieurs avec le m\u00eame domaine. Un fichier cookie permet notamment \u00e0 son \u00e9metteur, pendant sa dur\u00e9e de validit\u00e9, de reconna\u00eetre le terminal concern\u00e9 \u00e0 chaque fois que ce terminal acc\u00e8de \u00e0 un contenu num\u00e9rique comportant des cookies du m\u00eame \u00e9metteur.<br>En tout \u00e9tat de cause, les cookies d\u00e9pos\u00e9s sur votre terminal de navigation avec votre accord sont d\u00e9truits 12 mois apr\u00e8s leur d\u00e9p\u00f4t sur votre terminal.<\/p>\n\n\n\n<p><strong>5.2 A quoi servent les cookies \u00e9mis sur notre Site ?<br><\/strong><br>Les cookies que nous \u00e9mettons nous permettent :<\/p>\n\n\n\n<p>\u25fc\ufe0f d&rsquo;\u00e9tablir des statistiques et volumes de fr\u00e9quentation et d&rsquo;utilisation des divers \u00e9l\u00e9ments composant notre site <em>(rubriques et contenus visit\u00e9s, parcours)<\/em>, nous permettant d&rsquo;administrer le site, d&rsquo;en am\u00e9liorer l&rsquo;int\u00e9r\u00eat et l&rsquo;ergonomie ;<br>\u25fc\ufe0f d&rsquo;adapter la pr\u00e9sentation de notre site aux pr\u00e9f\u00e9rences d&rsquo;affichage de votre terminal <em>(langue utilis\u00e9e, r\u00e9solution d&rsquo;affichage, syst\u00e8me d&rsquo;exploitation utilis\u00e9, etc.)<\/em> lors de vos visites sur notre Site, selon les mat\u00e9riels et les logiciels de visualisation ou de lecture que votre terminal comporte ;<\/p>\n\n\n\n<p><\/p>\n\n\n\n<p>Lors de votre premi\u00e8re visite sur le Site, un bandeau cookies appara\u00eet en page d\u2019accueil. Un lien cliquable permet d\u2019en savoir plus sur la finalit\u00e9 et le fonctionnement des cookies et renvoie vers la pr\u00e9sente Charte. La poursuite de la navigation sur une autre page du site ou la s\u00e9lection d\u2019un \u00e9l\u00e9ment du Site <em>(notamment : image, texte, lien, etc.)<\/em> mat\u00e9rialise votre acceptation au d\u00e9p\u00f4t des cookies vis\u00e9s sur votre ordinateur.<\/p>\n\n\n\n<p><strong>5.3 Comment pouvez-vous contr\u00f4ler les cookies utilis\u00e9s ?<\/strong><\/p>\n\n\n\n<p>Vous pouvez \u00e0 tout moment configurer votre logiciel de navigation de mani\u00e8re \u00e0 ce que des cookies soient enregistr\u00e9s dans votre terminal ou, au contraire, qu&rsquo;ils soient rejet\u00e9s <em>(soit syst\u00e9matiquement, soit selon leur \u00e9metteur)<\/em>. Vous pouvez \u00e9galement configurer votre logiciel de navigation de mani\u00e8re \u00e0 ce que l&rsquo;acceptation ou le refus des cookies vous soit propos\u00e9 ponctuellement, avant qu&rsquo;un cookie puisse \u00eatre enregistr\u00e9 dans votre terminal.&nbsp;<\/p>\n\n\n\n<p><strong>Attention<\/strong> : tout param\u00e9trage est susceptible de modifier votre navigation sur Internet et vos conditions d&rsquo;acc\u00e8s \u00e0 certains services n\u00e9cessitant l&rsquo;utilisation de cookies. <\/p>\n\n\n\n<p><\/p>\n\n\n\n<p>Pour obtenir plus d\u2019information sur les cookies, vous pouvez <a href=\"https:\/\/www.cnil.fr\/fr\/site-web-cookies-et-autres-traceurs\">consulter le site internet de la CNIL<\/a>.<\/p>\n\n\n\n<p><strong>6. Quels sont vos droits ?<\/strong><\/p>\n\n\n\n<p>Vous disposez de droits sur vos donn\u00e9es \u00e0 caract\u00e8re personnel. Conform\u00e9ment \u00e0 la r\u00e9glementation en mati\u00e8re de protection des donn\u00e9es \u00e0 caract\u00e8re personnel, notamment les articles 15 \u00e0 22 du RGPD, et apr\u00e8s avoir justifi\u00e9 de votre identit\u00e9, vous avez le droit de nous demander l&rsquo;acc\u00e8s aux donn\u00e9es \u00e0 caract\u00e8re personnel vous concernant, la rectification ou l&rsquo;effacement de celles-ci.<\/p>\n\n\n\n<p>En outre, dans les limites pos\u00e9es par la loi, vous disposez \u00e9galement du droit de vous opposer au traitement, de le limiter, de d\u00e9cider du sort post-mortem de vos donn\u00e9es, de retirer votre consentement \u00e0 tout moment et du droit \u00e0 la portabilit\u00e9 des donn\u00e9es \u00e0 caract\u00e8re personnel fournies.<\/p>\n\n\n\n<p>Vous pouvez contactez nos services afin d\u2019exercer vos droits \u00e0 l\u2019adresse \u00e9lectronique suivante : mb@psychologue-tabacologue.fr, en joignant \u00e0 votre demande une copie d\u2019un titre d\u2019identit\u00e9.<\/p>\n\n\n\n<p><strong>7. Pouvons-nous modifier la Charte ?<\/strong><\/p>\n\n\n\n<p>Nous nous r\u00e9servons le droit de modifier la Charte \u00e0 tout moment. Il vous est donc recommand\u00e9 de la consulter r\u00e9guli\u00e8rement. En cas de modification, nous publierons ces changements sur cette page et aux endroits que nous jugerons appropri\u00e9s en fonction de l\u2019objet et de l\u2019importance des changements apport\u00e9s.<br>Votre utilisation du Site apr\u00e8s toute modification signifie que vous acceptez ces modifications. Si vous n&rsquo;acceptez pas certaines modifications substantielles apport\u00e9es \u00e0 la pr\u00e9sente Charte, vous devez arr\u00eater d&rsquo;utiliser le Site.<\/p>\n\n\n\n<p><strong>8. D\u00e9l\u00e9gu\u00e9 \u00e0 la Protection des Donn\u00e9es et contact<br><\/strong><br>Les coordonn\u00e9es de notre D\u00e9l\u00e9gu\u00e9 \u00e0 la Protection des Donn\u00e9es sont les suivantes :<br>Adresse mail : mb@psychologue-tabacologue.fr<br>Site : https:\/\/www.psychologue-tabacologue.fr<\/p>\n","protected":false},"excerpt":{"rendered":"<p>Date de derni\u00e8re mise \u00e0 jour : 17\/04\/2023 La confidentialit\u00e9 des visiteurs de notre site web est tr\u00e8s importante \u00e0 nos yeux, et nous nous engageons \u00e0 la prot\u00e9ger. La politique de confidentialit\u00e9 d\u00e9taille ce que nous faisons de vos informations personnelles, dans le respect du R\u00e8glement G\u00e9n\u00e9ral sur la Protection des Donn\u00e9es 2016\/679 du [&hellip;]<\/p>\n","protected":false},"author":1,"featured_media":0,"parent":0,"menu_order":0,"comment_status":"closed","ping_status":"closed","template":"","meta":{"_coblocks_attr":"","_coblocks_dimensions":"","_coblocks_responsive_height":"","_coblocks_accordion_ie_support":"","om_disable_all_campaigns":false,"_monsterinsights_skip_tracking":false,"_monsterinsights_sitenote_active":false,"_monsterinsights_sitenote_note":"","_monsterinsights_sitenote_category":0,"hide_page_title":"","footnotes":""},"class_list":["post-70","page","type-page","status-publish","hentry"],"aioseo_notices":[],"_links":{"self":[{"href":"https:\/\/www.psychologue-tabacologue.fr\/index.php\/wp-json\/wp\/v2\/pages\/70","targetHints":{"allow":["GET"]}}],"collection":[{"href":"https:\/\/www.psychologue-tabacologue.fr\/index.php\/wp-json\/wp\/v2\/pages"}],"about":[{"href":"https:\/\/www.psychologue-tabacologue.fr\/index.php\/wp-json\/wp\/v2\/types\/page"}],"author":[{"embeddable":true,"href":"https:\/\/www.psychologue-tabacologue.fr\/index.php\/wp-json\/wp\/v2\/users\/1"}],"replies":[{"embeddable":true,"href":"https:\/\/www.psychologue-tabacologue.fr\/index.php\/wp-json\/wp\/v2\/comments?post=70"}],"version-history":[{"count":6,"href":"https:\/\/www.psychologue-tabacologue.fr\/index.php\/wp-json\/wp\/v2\/pages\/70\/revisions"}],"predecessor-version":[{"id":504,"href":"https:\/\/www.psychologue-tabacologue.fr\/index.php\/wp-json\/wp\/v2\/pages\/70\/revisions\/504"}],"wp:attachment":[{"href":"https:\/\/www.psychologue-tabacologue.fr\/index.php\/wp-json\/wp\/v2\/media?parent=70"}],"curies":[{"name":"wp","href":"https:\/\/api.w.org\/{rel}","templated":true}]}}